{"id":1797,"date":"2026-05-12T00:02:23","date_gmt":"2026-05-12T04:02:23","guid":{"rendered":"http:\/\/federationicf.org\/about\/"},"modified":"2026-05-12T00:02:23","modified_gmt":"2026-05-12T04:02:23","slug":"about","status":"publish","type":"page","link":"https:\/\/federationicf.org\/fr\/about\/","title":{"rendered":"A PROPOS DE NOUS"},"content":{"rendered":"<div data-elementor-type=\"wp-page\" data-elementor-id=\"1797\" class=\"elementor elementor-1797\">\n\t\t\t\t\t\t<section class=\"elementor-section elementor-top-section elementor-element elementor-element-9de53c5 elementor-section-boxed elementor-section-height-default elementor-section-height-default\" data-id=\"9de53c5\" data-element_type=\"section\">\n\t\t\t\t\t\t<div class=\"elementor-container elementor-column-gap-default\">\n\t\t\t\t\t<div class=\"elementor-column elementor-col-100 elementor-top-column elementor-element elementor-element-78919f2\" data-id=\"78919f2\" data-element_type=\"column\">\n\t\t\t<div class=\"elementor-widget-wrap elementor-element-populated\">\n\t\t\t\t\t\t<section class=\"elementor-section elementor-inner-section elementor-element elementor-element-9a6fb7f elementor-section-boxed elementor-section-height-default elementor-section-height-default\" data-id=\"9a6fb7f\" data-element_type=\"section\">\n\t\t\t\t\t\t<div class=\"elementor-container elementor-column-gap-default\">\n\t\t\t\t\t<div class=\"elementor-column elementor-col-50 elementor-inner-column elementor-element elementor-element-4fdb81e\" data-id=\"4fdb81e\" data-element_type=\"column\">\n\t\t\t<div class=\"elementor-widget-wrap elementor-element-populated\">\n\t\t\t\t\t\t<div class=\"elementor-element elementor-element-b5839d1 elementor-widget elementor-widget-image\" data-id=\"b5839d1\" data-element_type=\"widget\" data-widget_type=\"image.default\">\n\t\t\t\t<div class=\"elementor-widget-container\">\n\t\t\t\t\t\t\t\t\t\t\t\t\t\t\t<img fetchpriority=\"high\" decoding=\"async\" width=\"604\" height=\"447\" src=\"https:\/\/federationicf.org\/wp-content\/uploads\/2020\/07\/Dimensions-of-Human-Development-62-768x569.png\" class=\"attachment-medium_large size-medium_large wp-image-2350\" alt=\"Who we are\" srcset=\"https:\/\/federationicf.org\/wp-content\/uploads\/2020\/07\/Dimensions-of-Human-Development-62-768x569.png 768w, https:\/\/federationicf.org\/wp-content\/uploads\/2020\/07\/Dimensions-of-Human-Development-62-300x222.png 300w, https:\/\/federationicf.org\/wp-content\/uploads\/2020\/07\/Dimensions-of-Human-Development-62.png 850w\" sizes=\"(max-width: 604px) 100vw, 604px\" \/>\t\t\t\t\t\t\t\t\t\t\t\t\t\t\t<\/div>\n\t\t\t\t<\/div>\n\t\t\t\t\t<\/div>\n\t\t<\/div>\n\t\t\t\t<div class=\"elementor-column elementor-col-50 elementor-inner-column elementor-element elementor-element-ab55fef\" data-id=\"ab55fef\" data-element_type=\"column\">\n\t\t\t<div class=\"elementor-widget-wrap elementor-element-populated\">\n\t\t\t\t\t\t<div class=\"elementor-element elementor-element-a17a201 elementor-widget elementor-widget-heading\" data-id=\"a17a201\" data-element_type=\"widget\" data-widget_type=\"heading.default\">\n\t\t\t\t<div class=\"elementor-widget-container\">\n\t\t\t\t\t<h2 class=\"elementor-heading-title elementor-size-default\">\u00c0 propos de nous<\/h2>\t\t\t\t<\/div>\n\t\t\t\t<\/div>\n\t\t\t\t<div class=\"elementor-element elementor-element-6a41271 elementor-widget elementor-widget-text-editor\" data-id=\"6a41271\" data-element_type=\"widget\" data-widget_type=\"text-editor.default\">\n\t\t\t\t<div class=\"elementor-widget-container\">\n\t\t\t\t\t\t\t\t\t<p class=\"translation-block\"><strong>ICF :\u00a0<\/strong>La Fondation chr\u00e9tienne internationale pour la s\u00e9curit\u00e9 sociale et le d\u00e9veloppement humain au Liban et au Moyen Orient (ICF-SSHD) est une organisation canadienne non gouvernementale au service du Liban et du Moyen-Orient incorpor\u00e9e le 8 juin 2005 par lettres patentes selon les lois sur les corporations canadiennes, son si\u00e8ge social est \u00e0 Laval dans la province de Qu\u00e9bec au Canada.<\/p>\n<ul>\n  <li>La branche principale du Liban a \u00e9t\u00e9 constitu\u00e9e par une r\u00e9solution No. 358 rendue d\u00e9finitivement ex\u00e9cutoire par l\u2019entremise de la d\u00e9cision No. 142 du conseil libanais des ministres du 20 f\u00e9vrier 2007. La r\u00e9solution a \u00e9t\u00e9 publi\u00e9e dans le journal officiel de la R\u00e9publique Libanaise  No. 31 le 25 mai 2007. <\/li>\n  <li>ICF is a non-politic, non-racial, non-fanatic, nonsectarian  Organization and does not have an owner <\/li>\n  <li>ICF is for all and does not compete with any other organization <\/li>\n  <li>ICF is incorporated in Canada on June 8, 2005 and registered  with Canada Revenue Agency under Nr. (85945 0900 RR0001) on July 19, 2005 <\/li>\n  <li>Other branches to come\u2026 <\/li>\n<\/ul>\n\t\t\t\t\t\t\t\t<\/div>\n\t\t\t\t<\/div>\n\t\t\t\t\t<\/div>\n\t\t<\/div>\n\t\t\t\t\t<\/div>\n\t\t<\/section>\n\t\t\t\t\t<\/div>\n\t\t<\/div>\n\t\t\t\t\t<\/div>\n\t\t<\/section>\n\t\t\t\t<section class=\"elementor-section elementor-top-section elementor-element elementor-element-f161ee2 elementor-section-stretched elementor-section-boxed elementor-section-height-default elementor-section-height-default\" data-id=\"f161ee2\" data-element_type=\"section\" data-settings=\"{&quot;stretch_section&quot;:&quot;section-stretched&quot;,&quot;background_background&quot;:&quot;classic&quot;,&quot;animation&quot;:&quot;none&quot;}\">\n\t\t\t\t\t\t<div class=\"elementor-container elementor-column-gap-default\">\n\t\t\t\t\t<div class=\"elementor-column elementor-col-33 elementor-top-column elementor-element elementor-element-9f9c14e\" data-id=\"9f9c14e\" data-element_type=\"column\">\n\t\t\t<div class=\"elementor-widget-wrap elementor-element-populated\">\n\t\t\t\t\t\t<div class=\"elementor-element elementor-element-5d9e633 animated-fast elementor-invisible elementor-widget elementor-widget-text-editor\" data-id=\"5d9e633\" data-element_type=\"widget\" data-settings=\"{&quot;_animation&quot;:&quot;fadeInUp&quot;}\" data-widget_type=\"text-editor.default\">\n\t\t\t\t<div class=\"elementor-widget-container\">\n\t\t\t\t\t\t\t\t\t\n$.noConflict();\njQuery(document).ready(function(){\n  jQuery(\".readmore\").click(function(){\njQuery(\".readit1\").show();\njQuery(\".readmore\").hide();\n  });\n    jQuery(\".readmore1\").click(function(){\njQuery(\".readit2\").show();\njQuery(\".readmore1\").hide();\n  });\n});\n\n<strong style=\"font-size: 24px\">NOS VALEURS <\/strong><br>\n\n<strong>To <em>Respect<\/em> all religious beliefs<\/strong>\nOur members are respectful of, and open to, all religious beliefs\n\n<strong>To <em>Be<\/em> politically neutral<\/strong>\n<ul>\n \t<li><strong>ICF<\/strong> does not seek to achieve political goals in Lebanon or in any other country<\/li>\n \t<li><strong>ICF<\/strong> will not associate directly or indirectly with any political movement. <a class=\"readmore\" style=\"font-weight:bold;cursor:pointer\">Pour savoir plus<\/a><\/li>\n<\/ul>\n<div class=\"readit1\">\n<strong>To <em>Preserve<\/em> integrity<\/strong>\n<ul>\n \t<li><strong>ICF<\/strong> will use every possible means to ensure that donations are properly granted (or granted to the right persons)<\/li>\n \t<li><strong>ICF<\/strong> will strictly observe its own set of criteria in the beneficiary selection process<\/li>\n<\/ul>\n<strong>Cooperation<\/strong>\nWe conduct our activities in a cooperation spirit with all other non profit Organizations.<\/div>\t\t\t\t\t\t\t\t<\/div>\n\t\t\t\t<\/div>\n\t\t\t\t\t<\/div>\n\t\t<\/div>\n\t\t\t\t<div class=\"elementor-column elementor-col-33 elementor-top-column elementor-element elementor-element-db20c16\" data-id=\"db20c16\" data-element_type=\"column\">\n\t\t\t<div class=\"elementor-widget-wrap elementor-element-populated\">\n\t\t\t\t\t\t<div class=\"elementor-element elementor-element-d5a89b3 elementor-invisible elementor-widget elementor-widget-text-editor\" data-id=\"d5a89b3\" data-element_type=\"widget\" data-settings=\"{&quot;_animation&quot;:&quot;fadeInUp&quot;,&quot;_animation_delay&quot;:0}\" data-widget_type=\"text-editor.default\">\n\t\t\t\t<div class=\"elementor-widget-container\">\n\t\t\t\t\t\t\t\t\t<p><strong style=\"font-size: 24px\">Our Objectives<\/strong><br><\/p>\n<ol>\n<li>1.\tSoulager la souffrance des handicap\u00e9s, des familles et les personnes pauvres, en leur procurant   les besoins essentiels et vitaux (nourriture, logement, soins de sant\u00e9, \u00e9ducation et formation professionnelle). <\/li>\n<\/ol>\n<p><a class=\"readmore1\" style=\"font-weight:bold;cursor:pointer\">Pour savoir plus<\/a><\/p>\n<div class=\"readit2\">\n<ol start=\"2\">\n<li>To help unemployed to re-enter the work-market, by providing them with adequate technical and professional training.<\/li>\n<li>To support the poor to play his role within the society by offering psychological and moral support and counseling service.<\/li>\n<li>To educate the people in the Middle East on the culture of universal human rights by way of education, conferences, workshops, seminars and publications.<\/li>\n<li>To receive donations, bequests and other contributions in moneys, stocks and shares or real estate;<\/li>\n<\/ol>\n<\/div>\t\t\t\t\t\t\t\t<\/div>\n\t\t\t\t<\/div>\n\t\t\t\t\t<\/div>\n\t\t<\/div>\n\t\t\t\t<div class=\"elementor-column elementor-col-33 elementor-top-column elementor-element elementor-element-1f73ccb\" data-id=\"1f73ccb\" data-element_type=\"column\">\n\t\t\t<div class=\"elementor-widget-wrap elementor-element-populated\">\n\t\t\t\t\t\t<div class=\"elementor-element elementor-element-0c490d9 animated-slow elementor-invisible elementor-widget elementor-widget-text-editor\" data-id=\"0c490d9\" data-element_type=\"widget\" data-settings=\"{&quot;_animation&quot;:&quot;fadeInUp&quot;,&quot;_animation_delay&quot;:0}\" data-widget_type=\"text-editor.default\">\n\t\t\t\t<div class=\"elementor-widget-container\">\n\t\t\t\t\t\t\t\t\t<p><strong style=\"font-size: 24px\">Notre Phylosophie<br \/><\/strong><br \/><b>&#8220;<i>\"Si tu donnes un poisson \u00e0 un homme il se nourrit une fois. Si tu lui apprends \u00e0 p\u00eacher, il se nourrit toute sa vie.\" Chuang Tzu.\u00a0<\/i><\/b><i>Chuang Tzu.<\/i><\/p><p><span style=\"color: #0000ff\"><b><i>\"Pour que le mal triomphe, seul suffit l\u2019inactivit\u00e9 des hommes de bien.\" Edmund Burke.\u00a0<\/i><\/b><i><b>evil is for good men to do nothing.&#8221;<\/b><\/i><\/span><br \/>\u00a0<i>Edmund Burke.<\/i><\/p><p><strong><i><span style=\"font-size: 12.0pt;line-height: 107%;font-family: 'Calibri',sans-serif;color: red\">Si tu veux aller vite, marche seul mais si tu veux aller loin, marchons ensemble. de Proverbe africain<\/span><\/i><\/strong><span style=\"font-size: 12.0pt;line-height: 107%\">\u00a0<\/span><em><span style=\"font-size: 12.0pt;line-height: 107%;font-family: 'Calibri',sans-serif\">African proverb<\/span><\/em><\/p>\t\t\t\t\t\t\t\t<\/div>\n\t\t\t\t<\/div>\n\t\t\t\t\t<\/div>\n\t\t<\/div>\n\t\t\t\t\t<\/div>\n\t\t<\/section>\n\t\t\t\t<section class=\"elementor-section elementor-top-section elementor-element elementor-element-4cad861 elementor-section-boxed elementor-section-height-default elementor-section-height-default\" data-id=\"4cad861\" data-element_type=\"section\">\n\t\t\t\t\t\t<div class=\"elementor-container elementor-column-gap-default\">\n\t\t\t\t\t<div class=\"elementor-column elementor-col-100 elementor-top-column elementor-element elementor-element-7eae792\" data-id=\"7eae792\" data-element_type=\"column\">\n\t\t\t<div class=\"elementor-widget-wrap elementor-element-populated\">\n\t\t\t\t\t\t<section class=\"elementor-section elementor-inner-section elementor-element elementor-element-0530994 elementor-section-boxed elementor-section-height-default elementor-section-height-default\" data-id=\"0530994\" data-element_type=\"section\">\n\t\t\t\t\t\t<div class=\"elementor-container elementor-column-gap-default\">\n\t\t\t\t\t<div class=\"elementor-column elementor-col-50 elementor-inner-column elementor-element elementor-element-472a721\" data-id=\"472a721\" data-element_type=\"column\">\n\t\t\t<div class=\"elementor-widget-wrap\">\n\t\t\t\t\t\t\t<\/div>\n\t\t<\/div>\n\t\t\t\t<div class=\"elementor-column elementor-col-50 elementor-inner-column elementor-element elementor-element-5522e90\" data-id=\"5522e90\" data-element_type=\"column\">\n\t\t\t<div class=\"elementor-widget-wrap\">\n\t\t\t\t\t\t\t<\/div>\n\t\t<\/div>\n\t\t\t\t\t<\/div>\n\t\t<\/section>\n\t\t\t\t<section class=\"elementor-section elementor-inner-section elementor-element elementor-element-f8c5ae9 elementor-section-boxed elementor-section-height-default elementor-section-height-default\" data-id=\"f8c5ae9\" data-element_type=\"section\">\n\t\t\t\t\t\t<div class=\"elementor-container elementor-column-gap-default\">\n\t\t\t\t\t<div class=\"elementor-column elementor-col-50 elementor-inner-column elementor-element elementor-element-3a554c3\" data-id=\"3a554c3\" data-element_type=\"column\">\n\t\t\t<div class=\"elementor-widget-wrap elementor-element-populated\">\n\t\t\t\t\t\t<div class=\"elementor-element elementor-element-8ca18db elementor-widget elementor-widget-image\" data-id=\"8ca18db\" data-element_type=\"widget\" data-widget_type=\"image.default\">\n\t\t\t\t<div class=\"elementor-widget-container\">\n\t\t\t\t\t\t\t\t\t\t\t\t\t\t\t<img decoding=\"async\" width=\"275\" height=\"183\" src=\"https:\/\/federationicf.org\/wp-content\/uploads\/2020\/08\/They-will-know-we-are-christian-by-our-love.jpg\" class=\"attachment-large size-large wp-image-2784\" alt=\"\" \/>\t\t\t\t\t\t\t\t\t\t\t\t\t\t\t<\/div>\n\t\t\t\t<\/div>\n\t\t\t\t\t<\/div>\n\t\t<\/div>\n\t\t\t\t<div class=\"elementor-column elementor-col-50 elementor-inner-column elementor-element elementor-element-703d7d6\" data-id=\"703d7d6\" data-element_type=\"column\">\n\t\t\t<div class=\"elementor-widget-wrap elementor-element-populated\">\n\t\t\t\t\t\t<div class=\"elementor-element elementor-element-fc80567 elementor-widget elementor-widget-text-editor\" data-id=\"fc80567\" data-element_type=\"widget\" data-widget_type=\"text-editor.default\">\n\t\t\t\t<div class=\"elementor-widget-container\">\n\t\t\t\t\t\t\t\t\t<p><u><span lang=\"EN-CA\"><b>Our\u00a0Motto :<br \/><\/b><\/span><\/u><i>ET ILS VONT SAVOIR NOUS SOMMES CHR\u00c9TIENS PAR NOTRE AMOUR\u2026<\/i><\/p><p><u><span lang=\"EN-CA\"><b>NOTRE VISION<br \/><\/b><\/span><\/u>Aider les jeunes et les ch\u00f4meurs \u00e0 r\u00e9int\u00e9grer le march\u00e9 du travail en leur assurant une formation technique et professionnelle ad\u00e9quate pour qu\u2019ils n\u2019\u00e9migrent pas,  qu\u2019ils se marient et fondent une famille dans le pays de leurs anc\u00eatres\nAider les familles et les individus au Moyen-Orient, particuli\u00e8rement au Liban, qui sont incapables de satisfaire leurs besoins vitaux, afin de s\u00e9curiser leur avenir.<\/p>\t\t\t\t\t\t\t\t<\/div>\n\t\t\t\t<\/div>\n\t\t\t\t<div class=\"elementor-element elementor-element-f56691e elementor-widget elementor-widget-text-editor\" data-id=\"f56691e\" data-element_type=\"widget\" data-widget_type=\"text-editor.default\">\n\t\t\t\t<div class=\"elementor-widget-container\">\n\t\t\t\t\t\t\t\t\t<p><strong>B\u00e9n\u00e9ficiaires: <\/strong>La fondation a \u00e9t\u00e9 cr\u00e9\u00e9e avec l\u2019objectif d\u2019aider les familles et les individus du Moyen orient, qui ne sont capables de subvenir \u00e0 leurs besoins essentiels. Notre objectif principal est de fournie l\u2019assistance \u00e0 tous les n\u00e9cessiteux et plus particuli\u00e8rement ceux qui appartiennent \u00e0 la minorit\u00e9 chr\u00e9tienne.<\/p>\t\t\t\t\t\t\t\t<\/div>\n\t\t\t\t<\/div>\n\t\t\t\t\t<\/div>\n\t\t<\/div>\n\t\t\t\t\t<\/div>\n\t\t<\/section>\n\t\t\t\t\t<\/div>\n\t\t<\/div>\n\t\t\t\t\t<\/div>\n\t\t<\/section>\n\t\t\t\t<section class=\"elementor-section elementor-top-section elementor-element elementor-element-103d932 elementor-section-boxed elementor-section-height-default elementor-section-height-default\" data-id=\"103d932\" data-element_type=\"section\">\n\t\t\t\t\t\t<div class=\"elementor-container elementor-column-gap-default\">\n\t\t\t\t\t<div class=\"elementor-column elementor-col-33 elementor-top-column elementor-element elementor-element-d432d7d\" data-id=\"d432d7d\" data-element_type=\"column\">\n\t\t\t<div class=\"elementor-widget-wrap elementor-element-populated\">\n\t\t\t\t\t\t<div class=\"elementor-element elementor-element-8af7fdc elementor-widget elementor-widget-text-editor\" data-id=\"8af7fdc\" data-element_type=\"widget\" data-widget_type=\"text-editor.default\">\n\t\t\t\t<div class=\"elementor-widget-container\">\n\t\t\t\t\t\t\t\t\t<p><img decoding=\"async\" class=\"alignnone size-medium wp-image-2867\" src=\"https:\/\/federationicf.org\/wp-content\/uploads\/2020\/09\/cover-165x300.jpg\" alt=\"\" width=\"165\" height=\"300\" srcset=\"https:\/\/federationicf.org\/wp-content\/uploads\/2020\/09\/cover-165x300.jpg 165w, https:\/\/federationicf.org\/wp-content\/uploads\/2020\/09\/cover-563x1024.jpg 563w, https:\/\/federationicf.org\/wp-content\/uploads\/2020\/09\/cover-768x1396.jpg 768w, https:\/\/federationicf.org\/wp-content\/uploads\/2020\/09\/cover-845x1536.jpg 845w, https:\/\/federationicf.org\/wp-content\/uploads\/2020\/09\/cover-1126x2048.jpg 1126w, https:\/\/federationicf.org\/wp-content\/uploads\/2020\/09\/cover.jpg 1299w\" sizes=\"(max-width: 165px) 100vw, 165px\" \/>Lorem ipsum dolor sit amet,\u00a0<\/p>\t\t\t\t\t\t\t\t<\/div>\n\t\t\t\t<\/div>\n\t\t\t\t\t<\/div>\n\t\t<\/div>\n\t\t\t\t<div class=\"elementor-column elementor-col-33 elementor-top-column elementor-element elementor-element-3a811bf\" data-id=\"3a811bf\" data-element_type=\"column\">\n\t\t\t<div class=\"elementor-widget-wrap elementor-element-populated\">\n\t\t\t\t\t\t<div class=\"elementor-element elementor-element-cef13d4 elementor-widget elementor-widget-text-editor\" data-id=\"cef13d4\" data-element_type=\"widget\" data-widget_type=\"text-editor.default\">\n\t\t\t\t<div class=\"elementor-widget-container\">\n\t\t\t\t\t\t\t\t\t<p><img loading=\"lazy\" decoding=\"async\" class=\"alignnone size-medium wp-image-2868\" src=\"https:\/\/federationicf.org\/wp-content\/uploads\/2020\/09\/inside-300x273.jpg\" alt=\"\" width=\"300\" height=\"273\" srcset=\"https:\/\/federationicf.org\/wp-content\/uploads\/2020\/09\/inside-300x273.jpg 300w, https:\/\/federationicf.org\/wp-content\/uploads\/2020\/09\/inside-1024x931.jpg 1024w, https:\/\/federationicf.org\/wp-content\/uploads\/2020\/09\/inside-768x698.jpg 768w, https:\/\/federationicf.org\/wp-content\/uploads\/2020\/09\/inside-1536x1396.jpg 1536w, https:\/\/federationicf.org\/wp-content\/uploads\/2020\/09\/inside-2048x1862.jpg 2048w\" sizes=\"(max-width: 300px) 100vw, 300px\" \/>\u00a0<\/p>\t\t\t\t\t\t\t\t<\/div>\n\t\t\t\t<\/div>\n\t\t\t\t\t<\/div>\n\t\t<\/div>\n\t\t\t\t<div class=\"elementor-column elementor-col-33 elementor-top-column elementor-element elementor-element-1bf977e\" data-id=\"1bf977e\" data-element_type=\"column\">\n\t\t\t<div class=\"elementor-widget-wrap elementor-element-populated\">\n\t\t\t\t\t\t<div class=\"elementor-element elementor-element-3a9cd7b elementor-widget elementor-widget-text-editor\" data-id=\"3a9cd7b\" data-element_type=\"widget\" data-widget_type=\"text-editor.default\">\n\t\t\t\t<div class=\"elementor-widget-container\">\n\t\t\t\t\t\t\t\t\t<p><img loading=\"lazy\" decoding=\"async\" class=\"alignnone size-medium wp-image-2869\" src=\"https:\/\/federationicf.org\/wp-content\/uploads\/2020\/09\/BACK-165x300.jpg\" alt=\"\" width=\"165\" height=\"300\" srcset=\"https:\/\/federationicf.org\/wp-content\/uploads\/2020\/09\/BACK-165x300.jpg 165w, https:\/\/federationicf.org\/wp-content\/uploads\/2020\/09\/BACK-563x1024.jpg 563w, https:\/\/federationicf.org\/wp-content\/uploads\/2020\/09\/BACK-768x1396.jpg 768w, https:\/\/federationicf.org\/wp-content\/uploads\/2020\/09\/BACK-845x1536.jpg 845w, https:\/\/federationicf.org\/wp-content\/uploads\/2020\/09\/BACK-1126x2048.jpg 1126w, https:\/\/federationicf.org\/wp-content\/uploads\/2020\/09\/BACK.jpg 1299w\" sizes=\"(max-width: 165px) 100vw, 165px\" \/>\u00a0<\/p>\t\t\t\t\t\t\t\t<\/div>\n\t\t\t\t<\/div>\n\t\t\t\t\t<\/div>\n\t\t<\/div>\n\t\t\t\t\t<\/div>\n\t\t<\/section>\n\t\t\t\t<\/div>","protected":false},"excerpt":{"rendered":"<p>instant withdrawal casinos instant withdrawal casino About us ICF stands for :&nbsp;International&nbsp;Christian&nbsp;Foundation for Social Security and Human Development in Lebanon and the Middle East. A non-profit organization established according to Canadian laws. Otherwise, a charity organization (carry on its operations without pecuniary gain to its members) ICF is a non-politic, non-racial, non-fanatic, nonsectarian Organization and does not have an owner&nbsp;<a href=\"https:\/\/federationicf.org\/fr\/about\/\" class=\"read-more\">Continue Reading<\/a><\/p>","protected":false},"author":1,"featured_media":0,"parent":0,"menu_order":1,"comment_status":"open","ping_status":"closed","template":"","meta":{"ngg_post_thumbnail":0,"_EventAllDay":false,"_EventTimezone":"","_EventStartDate":"","_EventEndDate":"","_EventStartDateUTC":"","_EventEndDateUTC":"","_EventShowMap":false,"_EventShowMapLink":false,"_EventURL":"","_EventCost":"","_EventCostDescription":"","_EventCurrencySymbol":"","_EventCurrencyCode":"","_EventCurrencyPosition":"","_EventDateTimeSeparator":"","_EventTimeRangeSeparator":"","_EventOrganizerID":[],"_EventVenueID":[],"_OrganizerEmail":"","_OrganizerPhone":"","_OrganizerWebsite":"","_VenueAddress":"","_VenueCity":"","_VenueCountry":"","_VenueProvince":"","_VenueState":"","_VenueZip":"","_VenuePhone":"","_VenueURL":"","_VenueStateProvince":"","_VenueLat":"","_VenueLng":"","_VenueShowMap":false,"_VenueShowMapLink":false,"footnotes":""},"class_list":["post-1797","page","type-page","status-publish","hentry"],"post_mailing_queue_ids":[],"_links":{"self":[{"href":"https:\/\/federationicf.org\/fr\/wp-json\/wp\/v2\/pages\/1797","targetHints":{"allow":["GET"]}}],"collection":[{"href":"https:\/\/federationicf.org\/fr\/wp-json\/wp\/v2\/pages"}],"about":[{"href":"https:\/\/federationicf.org\/fr\/wp-json\/wp\/v2\/types\/page"}],"author":[{"embeddable":true,"href":"https:\/\/federationicf.org\/fr\/wp-json\/wp\/v2\/users\/1"}],"replies":[{"embeddable":true,"href":"https:\/\/federationicf.org\/fr\/wp-json\/wp\/v2\/comments?post=1797"}],"version-history":[{"count":72,"href":"https:\/\/federationicf.org\/fr\/wp-json\/wp\/v2\/pages\/1797\/revisions"}],"predecessor-version":[{"id":11763,"href":"https:\/\/federationicf.org\/fr\/wp-json\/wp\/v2\/pages\/1797\/revisions\/11763"}],"wp:attachment":[{"href":"https:\/\/federationicf.org\/fr\/wp-json\/wp\/v2\/media?parent=1797"}],"curies":[{"name":"wp","href":"https:\/\/api.w.org\/{rel}","templated":true}]}}